{"id":6,"date":"2022-03-09T16:34:51","date_gmt":"2022-03-09T16:34:51","guid":{"rendered":"http:\/\/asillertoptan.com\/?page_id=6"},"modified":"2023-11-17T12:51:47","modified_gmt":"2023-11-17T12:51:47","slug":"one-page-express","status":"publish","type":"page","link":"https:\/\/asillertoptan.com\/","title":{"rendered":"Front Page"},"content":{"rendered":"<div id=\"overlapable-4\" class=\"features-overlapped-icons-section stripped-features-overlapped-icons-section\" style=\"background-color: #ffffff;\" data-label=\"Overlapable\" data-id=\"stripped-features-overlapped-icons-section\" data-category=\"overlapable\" data-overlap=\"true\">\n<div class=\"gridContainer\">\n<div class=\"features-overlapped-icons-featuresrow flexbox-list\" data-type=\"row\">\n<div class=\"features-large-icons-featcol cp6cols-tablet cp4cols\">\n<div class=\"features-overlapped-icons-featinnerrow\">\n<div class=\"features-icon-container\"><\/div>\n<div class=\"\" data-type=\"column\">\n<h4 class=\"\">Z\u00dcCCAC\u0130YE<\/h4>\n<p class=\"\">-Mutfak Gere\u00e7leri\n\n-Baharatl\u0131k\n\n-Kahvalt\u0131 Tabaklar\u0131\n\n-Seramik Kupa<\/p>\n<a class=\"button blue\" href=\"http:\/\/asillertoptan.com?page_id=41\" target=\"_self\" rel=\"noopener\">T\u00fcm \u00dcr\u00fcnler<\/a>\n\n<\/div>\n<\/div>\n<\/div>\n<div class=\"features-large-icons-featcol cp6cols-tablet cp4cols\">\n<div class=\"features-overlapped-icons-featinnerrow\">\n<div class=\"features-icon-container\"><\/div>\n<div class=\"\" data-type=\"column\">\n<h4 class=\"\">HIRDAVAT<\/h4>\n<p class=\"\">-\u00c7akmak\n\n-Amp\u00fcl\n\n-Elektrik Band\u0131\n\n-H\u0131zl\u0131 Yap\u0131\u015ft\u0131r\u0131c\u0131<\/p>\n<a class=\"button blue\" href=\"http:\/\/asillertoptan.com?page_id=41\" target=\"_self\" rel=\"noopener\">T\u00fcm \u00dcr\u00fcnler<\/a>\n\n<\/div>\n<\/div>\n<\/div>\n<div class=\"features-large-icons-featcol cp6cols-tablet cp4cols\">\n<div class=\"features-overlapped-icons-featinnerrow\">\n<div class=\"features-icon-container\"><\/div>\n<div class=\"\" data-type=\"column\">\n<h4 class=\"\">OYUNCAK<\/h4>\n<p class=\"\">-Barbie Bebek\n\n-LEGO\n\n-Birlik Oyuncak\n-Kumbara<\/p>\n<a class=\"button blue\" href=\"http:\/\/asillertoptan.com?page_id=41\" target=\"_self\" rel=\"noopener\">T\u00fcm \u00dcr\u00fcnler<\/a>\n\n<\/div>\n<\/div>\n<\/div>\n<div class=\"features-large-icons-featcol cp6cols-tablet cp4cols\">\n<div class=\"features-overlapped-icons-featinnerrow\">\n<div class=\"features-icon-container\"><\/div>\n<div class=\"\" data-type=\"column\">\n<h4 class=\"\">KIRTAS\u0130YE<\/h4>\n<p class=\"\">-Silgi\n\n-Tahta Kalemi\n\n-Makas\n\n-Not Ka\u011f\u0131d\u0131<\/p>\n<a class=\"button blue\" href=\"http:\/\/asillertoptan.com?page_id=41\" target=\"_self\" rel=\"noopener\">T\u00fcm \u00dcr\u00fcnler<\/a>\n\n<\/div>\n<\/div>\n<\/div>\n<div class=\"features-large-icons-featcol cp6cols-tablet cp4cols\">\n<div class=\"features-overlapped-icons-featinnerrow\">\n<div class=\"features-icon-container\"><\/div>\n<div class=\"\" data-type=\"column\">\n<h4 class=\"\">PLAST\u0130K<\/h4>\n<p class=\"\">-\u00c7\u00f6p Kovas\u0131\n\n-Badya\n\n-Le\u011fen\n\n-Buzdolab\u0131 Raf\u0131<\/p>\n<a class=\"button blue\" href=\"http:\/\/asillertoptan.com?page_id=41\" target=\"_self\" rel=\"noopener\">T\u00fcm \u00dcr\u00fcnler<\/a>\n\n<\/div>\n<\/div>\n<\/div>\n<div class=\"features-large-icons-featcol cp6cols-tablet cp4cols\">\n<div class=\"features-overlapped-icons-featinnerrow\">\n<div class=\"features-icon-container\"><\/div>\n<div class=\"\" data-type=\"column\">\n<h4 class=\"\">MUM<\/h4>\n<p class=\"\">-Kokulu Mum\n-Bardak Mum\n-K\u00fct\u00fck Mum\n\n-Kalpli Mum<\/p>\n<a class=\"button blue\" href=\"http:\/\/asillertoptan.com?page_id=41\" target=\"_self\" rel=\"noopener\">T\u00fcm \u00dcr\u00fcnler<\/a>\n\n<\/div>\n<\/div>\n<\/div>\n<\/div>\n<\/div>\n<\/div>\n<div id=\"hakkimizda\" class=\"about-big-images-section\" style=\"background-color: #ffffff;\" data-label=\"HAKKIMIZDA\" data-id=\"about-big-images-section\" data-category=\"about\">\n<div class=\"\">\n<div class=\"about-big-images-textrow\">\n<div class=\"about-big-images-textcol dynamic-color\" data-type=\"column\">\n<h5 class=\"\">UZMAN EK\u0130B\u0130YLE FAAL\u0130YET G\u00d6STEREN F\u0130RMAMIZ;<\/h5>\n<h3 class=\"\">Her ge\u00e7en g\u00fcn b\u00fcy\u00fcyerek\u00a0\u00a0<span class=\"span25\">Sekt\u00f6r\u00fcn\u00fcn \u00f6nde gelen firmalar\u0131ndan<\/span>\u00a0biri olma yolunda emin ad\u0131mlarla ilerlemektedir.<\/h3>\n<p class=\"\"><span style=\"font-size: 11.0pt; line-height: 107%; font-family: 'Calibri','sans-serif'; mso-ascii-theme-font: minor-latin; mso-fareast-font-family: Calibri; mso-fareast-theme-font: minor-latin; mso-hansi-theme-font: minor-latin; mso-bidi-font-family: 'Times New Roman'; mso-bidi-theme-font: minor-bidi; mso-ansi-language: TR; mso-fareast-language: EN-US; mso-bidi-language: AR-SA;\">\u00a0 \u00a0 \u00a0 \u00a0 \u00a0 \u00a0 \u00a0 \u00a0\u015eirketimiz kurucular\u0131ndan Hasan Bey\nve Berat Bey \u00fclkemiz ad\u0131na istihdam olu\u015fturmak ad\u0131na \u00e7\u0131kt\u0131klar\u0131 bu yolda m\u00fcte\u015febbis\nruhlar\u0131n\u0131n da etkisinde kalarak 2021 y\u0131l\u0131nda firmam\u0131z\u0131 faaliyete\nge\u00e7irmi\u015flerdir. Kurucu ortaklar aras\u0131na daha sonra kat\u0131lan Serkan Bey ise\nenerjisiyle, \u015firketimize ayr\u0131ca bir dinamizm katm\u0131\u015ft\u0131r.\u00a0<\/span><\/p>\n\n<\/div>\n<\/div>\n<\/div>\n<div class=\"about-big-images-bottomrow\">\n<div class=\"about-big-images-leftimgcol\"><img class=\"about-big-images-leftimg\" src=\"http:\/\/asillertoptan.com\/wp-content\/uploads\/2022\/03\/asiller-toptan-biblo-ankara-zuccaciye-hirdavat-oyuncak-kirtasiye-yapay-cicek.jpg\" alt=\"\" \/><\/div>\n<div class=\"about-big-images-centerimgcol\"><img class=\"about-big-images-centerimg\" src=\"http:\/\/asillertoptan.com\/wp-content\/uploads\/2022\/03\/asiller-toptan-tepsiler-ankara-zuccaciye-hirdavat-oyuncak-kirtasiye.jpg\" alt=\"\" \/><\/div>\n<div class=\"about-big-images-rightimgcol\"><img class=\"about-big-images-rightimg\" src=\"http:\/\/asillertoptan.com\/wp-content\/uploads\/2022\/03\/asiller-toptan-biblo-ankara-zuccaciye-hirdavat-oyuncak-kirtasiye-.jpg\" alt=\"\" \/><\/div>\n<\/div>\n<\/div>\n<div id=\"content-3\" class=\"content-left-image-section\" style=\"background-color: #ffffff;\" data-label=\"Content\" data-id=\"content-image-left\" data-category=\"content\">\n<div class=\"gridContainer\">\n<div class=\"row\">\n<div class=\"content-left-image-imgcol\" data-type=\"column\"><img class=\"\" src=\"http:\/\/asillertoptan.com\/wp-content\/uploads\/2022\/03\/asiller-toptan-tepsiler-ankara-zuccaciye-hirdavat-oyuncak-kirtasiye-BAHARATLIK-.png\" alt=\"\" \/><\/div>\n<div class=\"content-left-image-textcol dynamic-color\" data-type=\"column\">\n<h2 class=\"\">F\u0130RMAMIZ;<\/h2>\n<p class=\"large_text\">T\u00dcRK\u0130YE\u2019DE GIDA DI\u015eI SEKT\u00d6RLER\u0130NDEK\u0130 GEL\u0130\u015eMELER\u0130 YAKINDAN TAK\u0130P ED\u0130P, TEKNOLOJ\u0130K GEL\u0130\u015eMELER\u0130 HARMANLAYARAK \u00dcLKEM\u0130Z EKONOM\u0130S\u0130NE YATIRIM YAPMAYA, B\u00dcT\u00dcN G\u00dcC\u00dcYLE DEVAM EDECEKT\u0130R<\/p>\n<a class=\"button blue\" href=\"http:\/\/asillertoptan.com?page_id=41\" target=\"_self\" rel=\"noopener\">\u00dcR\u00dcNLER\u0130M\u0130Z\u0130N L\u0130STES\u0130<\/a>\n\n<\/div>\n<\/div>\n<\/div>\n<\/div>\n<div id=\"cta-1\" class=\"cta-blue-section\" data-label=\"Call to action\" data-id=\"cta-blue-section\" data-category=\"cta\">\n<div class=\"gridContainer\">\n<div class=\"flexbox-list flexbox-list-align-center row\">\n<div class=\"cta-blue-textcol dynamic-color\">\n<h2 class=\"cta-blue-text\"><b>TOPTAN\u00a0<\/b>\u00a0ALI\u015eVER\u0130\u015eLER\u0130N\u0130Z \u0130\u00c7\u0130N<\/h2>\n<\/div>\n<div class=\"cta-blue-btncol\"><a class=\"button big yellow dark-text\" href=\"http:\/\/asillertoptan.com\/#bize-ulasin\" target=\"_self\" rel=\"noopener\"> B\u0130ZE ULA\u015eIN <\/a><\/div>\n<\/div>\n<\/div>\n<\/div>\n<div id=\"bize-ulasin\" class=\"contact-section-formsection white-text\" data-label=\"BiZE ULASIN\" data-id=\"contact-section\" data-category=\"contact\" data-bg=\"transparent\">\n<div class=\"\">\n<div class=\"row_224\">\n<div class=\"contact-textrow\">\n<div class=\"contact-textcol dynamic-color\">\n<h2 class=\"\">AS\u0130LLER TOPTAN<\/h2>\n<p class=\"white_text\">Z\u00dcCCAC\u0130YE TEKST\u0130L \u0130THALAT \u0130HRACAT SAN. VE T\u0130C. LTD. \u015eT\u0130.<\/p>\nADRES: G\u00fcltepe Mah. Hac\u0131 Bayram Blv. No: 125-C Alt\u0131nda\u011f ANKARA\n\nTelefon: 0(533) 015 75 53\n\n<\/div>\n<\/div>\n<\/div>\n<div class=\"contact-formcol\" data-content-shortcode=\"one_page_express_contact_form shortcode=&quot;contact-form-7 id=&amp;amp;quot;5&amp;amp;quot; title=&amp;amp;quot;ileti\u015fim&amp;amp;quot;&quot;\" data-editable=\"true\"><div role=\"form\" class=\"wpcf7\" id=\"wpcf7-f5-o1\" lang=\"tr-TR\" dir=\"ltr\">\n<div class=\"screen-reader-response\"><p role=\"status\" aria-live=\"polite\" aria-atomic=\"true\"><\/p> <ul><\/ul><\/div>\n<form action=\"\/index.php?rest_route=%2Fwp%2Fv2%2Fpages%2F6#wpcf7-f5-o1\" method=\"post\" class=\"wpcf7-form init\" novalidate=\"novalidate\" data-status=\"init\">\n<div style=\"display: none;\">\n<input type=\"hidden\" name=\"_wpcf7\" value=\"5\" \/>\n<input type=\"hidden\" name=\"_wpcf7_version\" value=\"5.5.6\" \/>\n<input type=\"hidden\" name=\"_wpcf7_locale\" value=\"tr_TR\" \/>\n<input type=\"hidden\" name=\"_wpcf7_unit_tag\" value=\"wpcf7-f5-o1\" \/>\n<input type=\"hidden\" name=\"_wpcf7_container_post\" value=\"0\" \/>\n<input type=\"hidden\" name=\"_wpcf7_posted_data_hash\" value=\"\" \/>\n<\/div>\n<p><label> Ad\u0131n\u0131z<br \/>\n    <span class=\"wpcf7-form-control-wrap your-name\"><input type=\"text\" name=\"your-name\" value=\"\" size=\"40\" class=\"wpcf7-form-control wpcf7-text wpcf7-validates-as-required\" aria-required=\"true\" aria-invalid=\"false\" \/><\/span> <\/label><\/p>\n<p><label> E-posta adresiniz<br \/>\n    <span class=\"wpcf7-form-control-wrap your-email\"><input type=\"email\" name=\"your-email\" value=\"\" size=\"40\" class=\"wpcf7-form-control wpcf7-text wpcf7-email wpcf7-validates-as-required wpcf7-validates-as-email\" aria-required=\"true\" aria-invalid=\"false\" \/><\/span> <\/label><\/p>\n<p><label> Konu<br \/>\n    <span class=\"wpcf7-form-control-wrap your-subject\"><input type=\"text\" name=\"your-subject\" value=\"\" size=\"40\" class=\"wpcf7-form-control wpcf7-text wpcf7-validates-as-required\" aria-required=\"true\" aria-invalid=\"false\" \/><\/span> <\/label><\/p>\n<p><label> \u0130letiniz (tercihe ba\u011fl\u0131)<br \/>\n    <span class=\"wpcf7-form-control-wrap your-message\"><textarea name=\"your-message\" cols=\"40\" rows=\"10\" class=\"wpcf7-form-control wpcf7-textarea\" aria-invalid=\"false\"><\/textarea><\/span> <\/label><\/p>\n<p><input type=\"submit\" value=\"G\u00f6nder\" class=\"wpcf7-form-control has-spinner wpcf7-submit\" \/><\/p>\n<div class=\"wpcf7-response-output\" aria-hidden=\"true\"><\/div><\/form><\/div><\/div>\n<\/div>\n<\/div>","protected":false},"excerpt":{"rendered":"<p>Z\u00dcCCAC\u0130YE -Mutfak Gere\u00e7leri -Baharatl\u0131k -Kahvalt\u0131 Tabaklar\u0131 -Seramik Kupa T\u00fcm \u00dcr\u00fcnler HIRDAVAT -\u00c7akmak -Amp\u00fcl -Elektrik Band\u0131 -H\u0131zl\u0131 Yap\u0131\u015ft\u0131r\u0131c\u0131 T\u00fcm \u00dcr\u00fcnler OYUNCAK -Barbie Bebek -LEGO -Birlik Oyuncak -Kumbara T\u00fcm \u00dcr\u00fcnler KIRTAS\u0130YE -Silgi -Tahta Kalemi -Makas -Not Ka\u011f\u0131d\u0131 T\u00fcm \u00dcr\u00fcnler PLAST\u0130K -\u00c7\u00f6p Kovas\u0131 -Badya -Le\u011fen -Buzdolab\u0131 Raf\u0131 T\u00fcm \u00dcr\u00fcnler MUM -Kokulu Mum -Bardak Mum -K\u00fct\u00fck Mum -Kalpli Mum&hellip; <br \/> <a class=\"button small blue\" href=\"https:\/\/asillertoptan.com\/?p=1\">Devam\u0131<\/a><\/p>\n","protected":false},"author":1,"featured_media":0,"parent":0,"menu_order":0,"comment_status":"closed","ping_status":"closed","template":"","meta":[],"_links":{"self":[{"href":"https:\/\/asillertoptan.com\/index.php?rest_route=\/wp\/v2\/pages\/6"}],"collection":[{"href":"https:\/\/asillertoptan.com\/index.php?rest_route=\/wp\/v2\/pages"}],"about":[{"href":"https:\/\/asillertoptan.com\/index.php?rest_route=\/wp\/v2\/types\/page"}],"author":[{"embeddable":true,"href":"https:\/\/asillertoptan.com\/index.php?rest_route=\/wp\/v2\/users\/1"}],"replies":[{"embeddable":true,"href":"https:\/\/asillertoptan.com\/index.php?rest_route=%2Fwp%2Fv2%2Fcomments&post=6"}],"version-history":[{"count":19,"href":"https:\/\/asillertoptan.com\/index.php?rest_route=\/wp\/v2\/pages\/6\/revisions"}],"predecessor-version":[{"id":85,"href":"https:\/\/asillertoptan.com\/index.php?rest_route=\/wp\/v2\/pages\/6\/revisions\/85"}],"wp:attachment":[{"href":"https:\/\/asillertoptan.com\/index.php?rest_route=%2Fwp%2Fv2%2Fmedia&parent=6"}],"curies":[{"name":"wp","href":"https:\/\/api.w.org\/{rel}","templated":true}]}}