{"id":41,"date":"2022-03-10T09:30:35","date_gmt":"2022-03-10T09:30:35","guid":{"rendered":"http:\/\/asillertoptan.com\/?page_id=41"},"modified":"2022-03-10T09:30:35","modified_gmt":"2022-03-10T09:30:35","slug":"urun-listesi","status":"publish","type":"page","link":"https:\/\/asillertoptan.com\/?page_id=41","title":{"rendered":"\u00dcR\u00dcN L\u0130STES\u0130"},"content":{"rendered":"\n<div class=\"wp-block-columns\">\n<div class=\"wp-block-column\">\n<p class=\"has-text-align-center\"><strong>Z\u00dcCCAC\u0130YE<\/strong><\/p>\n\n\n\n<ul><li>PEROTT\u0130<\/li><li>LAV\u0130N<\/li><li>KRD HOME<\/li><li>MUTFAK GERE\u00c7LER\u0130<\/li><li>BARDAK<\/li><li>TABAK<\/li><li>24 PAR\u00c7A YEMEK TAKIMI<\/li><li>\u00c7ATAL<\/li><li>KA\u015eIK<\/li><li>BAHARATLIK<\/li><li>\u015eEKERL\u0130K<\/li><li>RENKL\u0130 \u015eEKERL\u0130K<\/li><li>CEZVE<\/li><li>SPATULA<\/li><li>KEVG\u0130R<\/li><li>KEP\u00c7E<\/li><li>\u00c7IRPICI<\/li><li>AYRAN \u00c7ALKALAMA<\/li><li>TEPS\u0130<\/li><li>DAMAT SUNUM SET\u0130<\/li><li>BROKS\u0130L\u0130T BARDAK<\/li><li>BROKS\u0130L\u0130T CEZVE<\/li><li>BROKS\u0130L\u0130T S\u00dcRAH\u0130<\/li><li>F\u0130NCAN TAKIMLARI<\/li><li>SAKLAMA KABI<\/li><li>VAKUMLU SAKLAMA KAPI<\/li><li>K\u0130L\u0130TL\u0130 SAKLAMA KABI<\/li><li>\u00c7EREZL\u0130K<\/li><li>KAHVALTI TABAKLARI<\/li><li>SUNUM PORSELEN TABAK<\/li><li>FRENCH PRESS<\/li><li>BANYO TAKIMI<\/li><li>LAVABO TAKIMI<\/li><li>MUTFAK TAKIMI<\/li><li>AYETL\u0130 TABLO<\/li><li>CAM KAVANOZ<\/li><li>RE\u00c7ELL\u0130K<\/li><li>C\u0130PS PORSELEN TABAK<\/li><li>TEKL\u0130 KUPA<\/li><li>SERAM\u0130K KUPA<\/li><li>PORSELEN KUPA<\/li><li>CEV\u0130Z KIRACA\u011eI<\/li><li>BI\u00c7AK<\/li><li>MANTI MERDANES\u0130<\/li><li>MANTI APARATI<\/li><li>SIVI YA\u011e POMPASI<\/li><li>HAMUR MATI<\/li><li>HAMUR PORS\u0130YONLAYICI<\/li><li>HAMUR KESME APARATI<\/li><li>KARTON BARDAK<\/li><li>EKMEK SEPET\u0130<\/li><li>DUVAR S\u00dcS<\/li><li>RAF S\u00dcS<\/li><li>MASA S\u00dcS<\/li><li>DUVAR SAAT\u0130<\/li><li>MASA SAAT\u0130<\/li><li>DEKORAT\u0130F SAAT<\/li><li>CAM SERV\u0130S DEML\u0130\u011e\u0130<\/li><li>EMAYE \u00c7AYDANLIK<\/li><li>GRAN\u0130T \u00c7AYDANLIK<\/li><li>\u00c7EL\u0130K \u00c7AYDANLIK<\/li><li>GRAN\u0130T TAVA<\/li><li>GRAN\u0130T TENCERE<\/li><li>\u00c7EL\u0130K TENCERE<\/li><li>FR\u0130T\u00d6Z TENCERE<\/li><li>BR\u0130LLANT HALI<\/li><li>YOLLUK<\/li><li>BANYO HALISI<\/li><li>MUTFAK \u00c7AKMA\u011eI<\/li><\/ul>\n<\/div>\n\n\n\n<div class=\"wp-block-column\">\n<p class=\"has-text-align-center\"><strong>MUM<\/strong><\/p>\n\n\n\n<ul><li>20\u2019L\u0130 BAKKAL MUM<\/li><li>40\u2019LI BAKKAL MUM<\/li><li>3\u2019L\u00dc BAKKAL MUM<\/li><li>Y\u00dcZEN MUM<\/li><li>KOKULU MUM<\/li><li>MEYVE KOKULU MUM<\/li><li>BARDAK MUM<\/li><li>S\u0130L\u0130ND\u0130R MUM<\/li><li>KARE MUM<\/li><li>S\u0130ML\u0130 MUM<\/li><li>K\u00dcT\u00dcK MUM<\/li><li>\u015eAMDAM MUM<\/li><li>TEAL\u0130GHT MUM<\/li><li>G\u00dcL YAPRAKLI MUM<\/li><li>KALPL\u0130 MUM<\/li><li>S\u0130ML\u0130 \u015eAMDAN MUM<\/li><li>STANDART MUM<\/li><\/ul>\n\n\n\n<p class=\"has-text-align-center\"><strong>PLAST\u0130K<\/strong><\/p>\n\n\n\n<ul><li>\u00c7\u00d6P KOVASI<\/li><li>BADYA<\/li><li>LE\u011eEN<\/li><li>PLAST\u0130K TOP<\/li><li>BUZDOLABI RAFI<\/li><li>\u00c7EKMECE D\u00dcZENLEY\u0130C\u0130<\/li><li>PLAST\u0130K BANYO RAFI<\/li><\/ul>\n\n\n\n<p class=\"has-text-align-center\"><strong>KIRTAS\u0130YE<\/strong><\/p>\n\n\n\n<ul><li>VERSAT\u0130L KALEM<\/li><li>T\u00dcKENMEZ KALEM<\/li><li>TAHTA KALEM\u0130<\/li><li>S\u0130LG\u0130<\/li><li>YAPI\u015eKANLI NOT KAGITI<\/li><li>FOSFORLU KALEM<\/li><li>MAKAS<\/li><\/ul>\n<\/div>\n\n\n\n<div class=\"wp-block-column\">\n<p class=\"has-text-align-center\"><strong>HIRDAVAT<\/strong><\/p>\n\n\n\n<ul><li>\u00c7AKMAK<\/li><li>MANYET\u00d6RL\u00dc \u00c7AKMAK<\/li><li>TA\u015eLI \u00c7AKMAK<\/li><li>REZ\u0130DASLI \u00c7AKMAK<\/li><li>FL\u0130NT TA\u015eLI \u00c7AKMAK<\/li><li>TURBO \u00c7AKMAK<\/li><li>MUTFAK \u00c7AKMA\u011eI<\/li><li>K\u0130BR\u0130T<\/li><li>DERBY BULA\u015eIK ELD\u0130VEN\u0130<\/li><li>CANSIN YARA BANDI<\/li><li>AMP\u00dcL<\/li><li>HIZLI YAPI\u015eTIRICI<\/li><li>KN\u0130TEX YAPI\u015eTIRICI<\/li><li>JAPON YAPI\u015eTIRICI<\/li><li>\u00c7AKMAK GAZI<\/li><li>ENERG\u0130ZER P\u0130L<\/li><li>FUJ\u0130KA P\u0130L<\/li><li>DERBY KARTELA<\/li><li>BLUE 3<\/li><li>BEYB\u0130 PN5<\/li><li>BEYB\u0130 PN7<\/li><li>DEM\u0130R E\u0130\u015e\u00c7\u0130 ELD\u0130VEN\u0130<\/li><li>POS RULOSU<\/li><li>ELEKT\u0130R\u0130K BANDI<\/li><li>UZATMA KABLOLARI<\/li><li>WD-40 PAS S\u00d6K\u00dcC\u00dc<\/li><\/ul>\n\n\n\n<p class=\"has-text-align-center\"><strong>OYUNCAK<\/strong><\/p>\n\n\n\n<ul><li>BARB\u0130E BEBEKLER<\/li><li>MGS OYUNCAK<\/li><li>B\u0130RL\u0130K OYUNCAK<\/li><li>ASYA OYUNCAK<\/li><li>E\u011e\u0130T\u0130C\u0130 OYUN SET\u0130<\/li><li>FUTBOL TOPU<\/li><li>LAZER<\/li><li>KUMANDALI ARABA<\/li><li>2 FONKS\u0130YONLU ARABA<\/li><li>4 FONKS\u0130YONLU ARABA<\/li><li>TAM\u0130R \u00c7ANTASI<\/li><li>KUMBARA<\/li><li>TARAFTAR KUMBARA<\/li><li>LEGO<\/li><li>LEGO OYUNCAK ARABA<\/li><li>KAMYON<\/li><li>KEP\u00c7E<\/li><\/ul>\n<\/div>\n<\/div>\n\n\n\n<p><\/p>\n","protected":false},"excerpt":{"rendered":"<p>Z\u00dcCCAC\u0130YE PEROTT\u0130 LAV\u0130N KRD HOME MUTFAK GERE\u00c7LER\u0130 BARDAK TABAK 24 PAR\u00c7A YEMEK TAKIMI \u00c7ATAL KA\u015eIK BAHARATLIK \u015eEKERL\u0130K RENKL\u0130 \u015eEKERL\u0130K CEZVE SPATULA KEVG\u0130R KEP\u00c7E \u00c7IRPICI AYRAN \u00c7ALKALAMA TEPS\u0130 DAMAT SUNUM SET\u0130 BROKS\u0130L\u0130T BARDAK BROKS\u0130L\u0130T CEZVE BROKS\u0130L\u0130T S\u00dcRAH\u0130 F\u0130NCAN TAKIMLARI SAKLAMA KABI VAKUMLU SAKLAMA KAPI K\u0130L\u0130TL\u0130 SAKLAMA KABI \u00c7EREZL\u0130K KAHVALTI TABAKLARI SUNUM PORSELEN TABAK FRENCH PRESS BANYO&hellip; <br \/> <a class=\"button small blue\" href=\"https:\/\/asillertoptan.com\/?page_id=41\">Devam\u0131<\/a><\/p>\n","protected":false},"author":1,"featured_media":0,"parent":0,"menu_order":0,"comment_status":"closed","ping_status":"closed","template":"","meta":[],"_links":{"self":[{"href":"https:\/\/asillertoptan.com\/index.php?rest_route=\/wp\/v2\/pages\/41"}],"collection":[{"href":"https:\/\/asillertoptan.com\/index.php?rest_route=\/wp\/v2\/pages"}],"about":[{"href":"https:\/\/asillertoptan.com\/index.php?rest_route=\/wp\/v2\/types\/page"}],"author":[{"embeddable":true,"href":"https:\/\/asillertoptan.com\/index.php?rest_route=\/wp\/v2\/users\/1"}],"replies":[{"embeddable":true,"href":"https:\/\/asillertoptan.com\/index.php?rest_route=%2Fwp%2Fv2%2Fcomments&post=41"}],"version-history":[{"count":2,"href":"https:\/\/asillertoptan.com\/index.php?rest_route=\/wp\/v2\/pages\/41\/revisions"}],"predecessor-version":[{"id":43,"href":"https:\/\/asillertoptan.com\/index.php?rest_route=\/wp\/v2\/pages\/41\/revisions\/43"}],"wp:attachment":[{"href":"https:\/\/asillertoptan.com\/index.php?rest_route=%2Fwp%2Fv2%2Fmedia&parent=41"}],"curies":[{"name":"wp","href":"https:\/\/api.w.org\/{rel}","templated":true}]}}